{"id":17349,"date":"2023-02-23T10:47:34","date_gmt":"2023-02-23T09:47:34","guid":{"rendered":"https:\/\/stresatours.com\/?page_id=17349"},"modified":"2025-07-02T14:55:27","modified_gmt":"2025-07-02T12:55:27","slug":"parcheggi-a-stresa","status":"publish","type":"page","link":"http:\/\/stresatours.com\/en\/parcheggi-a-stresa\/","title":{"rendered":"Parcheggiare a Stresa"},"content":{"rendered":"<div class=\"grve-section grve-row-section grve-fullwidth-background grve-padding-top-6x grve-padding-bottom-6x grve-bg-none\"  style=\"background-color:#db0038;\"><div class=\"grve-container\"><div class=\"grve-row grve-bookmark grve-columns-gap-30\"><div class=\"grve-column wpb_column grve-column-1 grve-headings-light\" ><div class=\"grve-column-wrapper vc_custom_1647275572322\" ><h2 class=\"grve-element grve-title grve-align-left grve-h1 grve-increase-heading grve-heading-250\" style=\"margin-bottom: 0px;\"><span>Parcheggi a Stresa<\/span><\/h2><\/div><\/div><\/div><\/div><div class=\"grve-background-wrapper\"><\/div><div class=\"grve-separator-bottom\"><svg class=\"grve-separator grve-tilt-right-separator\" xmlns=\"http:\/\/www.w3.org\/2000\/svg\" version=\"1.1\" fill=\"#ffffff\" width=\"100%\" height=\"90\" viewbox=\"0 0 1920 90\" preserveaspectratio=\"none\"><polygon class=\"fil0\" points=\"0,90 1920,90 0,0 \"\/><\/svg><\/div><\/div><div class=\"grve-section grve-row-section grve-fullwidth-background grve-padding-top-2x grve-padding-bottom-2x grve-bg-none\"><div class=\"grve-container\"><div class=\"grve-row grve-bookmark grve-columns-gap-30\"><div class=\"grve-column wpb_column grve-column-1\" ><div class=\"grve-column-wrapper vc_custom_1647275267700\" ><h2 class=\"grve-element grve-title grve-align-left grve-leader-text grve-increase-heading grve-heading-140\" style=\"margin-bottom: 0px;\"><span>Non sai dove parcheggiare?<\/span><\/h2><h2 class=\"grve-element grve-title grve-align-left grve-h1 grve-increase-heading grve-heading-200\" style=\"margin-bottom: 0px;\"><span>Ecco qualche consiglio<\/span><\/h2><div class=\"grve-empty-space grve-height-2x\" style=\"\"><\/div><div class=\"grve-element grve-text\">\r\r\n\t\t\t<p class=\"s2\"><span class=\"s3\">Per chi arriva in auto a Stresa trovare parcheggio, soprattutto nei weekend o in alta stagione, pu<\/span><span class=\"s3\">\u00f2 <\/span><span class=\"s3\">rivelarsi NON un gioco da ragazzi.<\/span><span class=\"s3\"><br \/>\n<\/span><span class=\"s3\">Stessa esperienza <\/span><span class=\"s3\">\u00e8 <\/span><span class=\"s3\">vissuta anche dagli autisti di bus turistici gi<\/span><span class=\"s3\">\u00e0 <\/span><span class=\"s3\">limitati nella scelta per questioni di dimensioni dei mezzi.<\/span><span class=\"s3\"><br \/>\n<\/span><span class=\"s3\"><br \/>\n<\/span><span class=\"s3\">C.M.A. nasce e cresce a Stresa e l<\/span><span class=\"s3\">\u2019<\/span><span class=\"s3\">impasse dei parcheggi la conosce come le sue tasche e per proprio questa nostra attenzione alla qualit<\/span><span class=\"s3\">\u00e0 <\/span><span class=\"s3\">del servizio siamo qui per cercare di fornire qualche piccolo aiuto ai visitatori del lago Maggiore e le sue bellezze.<\/span><span class=\"s3\"><br \/>\n<\/span><span class=\"s3\"><br \/>\n<\/span><span class=\"s3\">Ecco la lista dei parcheggi a Stresa<\/span><\/p>\n<div class=\"s5\"><\/div>\n\r\r\n\t\t<\/div>\r\r\n\t<div class=\"grve-element grve-box-icon grve-extra-small grve-side-icon grve-align-left\" style=\"\"><a href=\"https:\/\/www.google.it\/maps\/dir\/\/Piazza+Marconi,+28838+Stresa+VB\/@45.8833507,8.5342514,15z\/data=!4m9!4m8!1m0!1m5!1m1!1s0x478675872a359a5d:0x72816b1da8bbcaf!2m2!1d8.5430062!2d45.8833361!3e0\"><div class=\"grve-wrapper-icon grve-no-shape\" style=\"\"><i class=\"grve-text-primary-1 fas fa-ship\"><\/i><\/div><div class=\"grve-box-content\">  <p class=\"\">Piazza Marconi \/ Imbarcadero \/ Toilette \/ 50m da imbarchi<\/p><\/div><\/a><\/div><div class=\"grve-element grve-box-icon grve-extra-small grve-side-icon grve-align-left\" style=\"\"><a href=\"https:\/\/www.google.it\/maps\/dir\/\/Corso+Italia,+28838+Stresa+VB\/@45.8831993,8.5354542,15z\/data=!3m1!4b1!4m9!4m8!1m0!1m5!1m1!1s0x4786758c3fd6150b:0xf80fa40814c1a491!2m2!1d8.544209!2d45.8831847!3e0\"><div class=\"grve-wrapper-icon grve-no-shape\" style=\"\"><i class=\"grve-text-primary-1 fas fa-parking\"><\/i><\/div><div class=\"grve-box-content\">  <p class=\"\">Corso Italia \/ 200m da imbarchi<\/p><\/div><\/a><\/div><div class=\"grve-element grve-box-icon grve-extra-small grve-side-icon grve-align-left\" style=\"\"><a href=\"https:\/\/www.google.it\/maps\/dir\/\/Piazza+Capucci,+14,+Stresa,+VB\/@45.8831993,8.5354542,15z\/data=!4m9!4m8!1m0!1m5!1m1!1s0x4786758dd455934f:0x35ab4ed24952e9ff!2m2!1d8.5402444!2d45.8825653!3e0\"><div class=\"grve-wrapper-icon grve-no-shape\" style=\"\"><i class=\"grve-text-primary-1 fas fa-vector-square\"><\/i><\/div><div class=\"grve-box-content\">  <p class=\"\">Piazza Cappucci 14 \/ 300m da imbarchi<\/p><\/div><\/a><\/div><div class=\"grve-element grve-box-icon grve-extra-small grve-side-icon grve-align-left\" style=\"\"><a href=\"https:\/\/www.google.it\/maps\/dir\/\/Parcheggio+Palacongressi,+Via+Carlo+de+Martini,+Stresa,+VB\/@45.8840594,8.5006548,13z\/data=!4m9!4m8!1m0!1m5!1m1!1s0x47867541c1393667:0x13b2d8857ed02a54!2m2!1d8.5356742!2d45.884005!3e0\"><div class=\"grve-wrapper-icon grve-no-shape\" style=\"\"><i class=\"grve-text-primary-1 fas fa-users\"><\/i><\/div><div class=\"grve-box-content\">  <p class=\"\">Pala Congressi \/ 500m da imbarchi<\/p><\/div><\/a><\/div><div class=\"grve-element grve-box-icon grve-extra-small grve-side-icon grve-align-left\" style=\"\"><a href=\"https:\/\/www.google.it\/maps\/dir\/\/Stazione+Stresa,+Via+Principe+di+Piemonte,+Stresa,+VB\/@45.8840594,8.5006548,13z\/data=!4m9!4m8!1m0!1m5!1m1!1s0x478675220c3e86cb:0x8bb80ef8a03be4dd!2m2!1d8.5258616!2d45.8882877!3e0\"><div class=\"grve-wrapper-icon grve-no-shape\" style=\"\"><i class=\"grve-text-primary-1 fas fa-subway\"><\/i><\/div><div class=\"grve-box-content\">  <p class=\"\">Stazione ferroviaria \/ 900m da imbarchi<\/p><\/div><\/a><\/div><div class=\"grve-element grve-box-icon grve-extra-small grve-side-icon grve-align-left\" style=\"\"><a href=\"https:\/\/www.google.it\/maps\/dir\/\/Via+Alessandro+Manzoni,+1,+Stresa+VB\/@45.8818857,8.5348983,17z\/data=!4m9!4m8!1m0!1m5!1m1!1s0x4786758e4af4c9ef:0x2f03857064c0087c!2m2!1d8.537087!2d45.881882!3e0\"><div class=\"grve-wrapper-icon grve-no-shape\" style=\"\"><i class=\"grve-text-primary-1 fas fa-bus\"><\/i><\/div><div class=\"grve-box-content\">  <p class=\"\">Per Bus: Via Alessandro Manzoni (cimitero) \/ 700m da imbarchi<\/p><\/div><\/a><\/div><div class=\"grve-empty-space grve-height-1x\" style=\"\"><\/div><div class=\"grve-element grve-text\">\r\r\n\t\t\t<p class=\"s2\"><span class=\"s3\">Sperando di essere stati utili, ci vediamo agli imbarchi. Abbiamo alte vele rosse a indicare i nostri punti di partenza\/arrivo.<\/span><\/p>\n\r\r\n\t\t<\/div>\r\r\n\t<\/div><\/div><\/div><\/div><div class=\"grve-background-wrapper\"><\/div><\/div><div class=\"grve-section grve-row-section grve-fullwidth grve-padding-top-6x grve-padding-bottom-6x grve-bg-none\"><div class=\"grve-container\"><div class=\"grve-row grve-bookmark grve-columns-gap-30\"><div class=\"grve-column wpb_column grve-column-1-6\" ><div class=\"grve-column-wrapper\" ><\/div><\/div><div class=\"grve-column wpb_column grve-column-2-3\" ><div class=\"grve-column-wrapper vc_custom_1647274779308\" ><h2 class=\"grve-element grve-title grve-align-center grve-leader-text grve-increase-heading grve-heading-140\" style=\"margin-bottom: 0px;\"><span>Non essere timido.<\/span><\/h2><h2 class=\"grve-element grve-title grve-align-center grve-h1 grve-increase-heading grve-heading-200\" style=\"margin-bottom: 0px;\"><span>Contact us for a quote<\/span><\/h2><div class=\"grve-empty-space grve-height-1x\" style=\"\"><\/div>\n<div class=\"wpcf7 no-js\" id=\"wpcf7-f13489-o1\" lang=\"en-US\" dir=\"ltr\" data-wpcf7-id=\"13489\">\n<div class=\"screen-reader-response\"><p role=\"status\" aria-live=\"polite\" aria-atomic=\"true\"><\/p> <ul><\/ul><\/div>\n<form action=\"\/en\/wp-json\/wp\/v2\/pages\/17349#wpcf7-f13489-o1\" method=\"post\" class=\"wpcf7-form init\" aria-label=\"Contact form\" novalidate=\"novalidate\" data-status=\"init\" data-trp-original-action=\"\/en\/wp-json\/wp\/v2\/pages\/17349#wpcf7-f13489-o1\">\n<fieldset class=\"hidden-fields-container\"><input type=\"hidden\" name=\"_wpcf7\" value=\"13489\" \/><input type=\"hidden\" name=\"_wpcf7_version\" value=\"6.1.5\" \/><input type=\"hidden\" name=\"_wpcf7_locale\" value=\"en_US\" \/><input type=\"hidden\" name=\"_wpcf7_unit_tag\" value=\"wpcf7-f13489-o1\" \/><input type=\"hidden\" name=\"_wpcf7_container_post\" value=\"0\" \/><input type=\"hidden\" name=\"_wpcf7_posted_data_hash\" value=\"\" \/><input type=\"hidden\" name=\"_wpcf7_recaptcha_response\" value=\"\" \/>\n<\/fieldset>\n<div class=\"grve-form grve-fields-round grve-align-center safe-area\">\n\t<div class=\"grve-fields-wrapper\">\n\t\t<div class=\"grve-one-third\">\n\t\t\t<p><span class=\"wpcf7-form-control-wrap\" data-name=\"your-name\"><input size=\"40\" maxlength=\"400\" class=\"wpcf7-form-control wpcf7-text wpcf7-validates-as-required\" aria-required=\"true\" aria-invalid=\"false\" placeholder=\"Il tuo Nome (richiesto)\" value=\"\" type=\"text\" name=\"your-name\" \/><\/span>\n\t\t\t<\/p>\n\t\t<\/div>\n\t\t<div class=\"grve-one-third\">\n\t\t\t<p><span class=\"wpcf7-form-control-wrap\" data-name=\"your-email\"><input size=\"40\" maxlength=\"400\" class=\"wpcf7-form-control wpcf7-email wpcf7-validates-as-required wpcf7-text wpcf7-validates-as-email\" aria-required=\"true\" aria-invalid=\"false\" placeholder=\"La tua Mail (richiesta)\" value=\"\" type=\"email\" name=\"your-email\" \/><\/span>\n\t\t\t<\/p>\n\t\t<\/div>\n\t\t<div class=\"grve-one-third grve-last-column\">\n\t\t\t<p><span class=\"wpcf7-form-control-wrap\" data-name=\"your-telephone\"><input class=\"wpcf7-form-control wpcf7-number wpcf7-validates-as-required wpcf7-validates-as-number\" aria-required=\"true\" aria-invalid=\"false\" placeholder=\"Numero di telefono (richiesto)\" value=\"\" type=\"number\" name=\"your-telephone\" \/><\/span>\n\t\t\t<\/p>\n\t\t<\/div>\n\t\t<div>\n\t\t\t<p><span class=\"wpcf7-form-control-wrap\" data-name=\"your-message\"><textarea cols=\"40\" rows=\"10\" maxlength=\"2000\" class=\"wpcf7-form-control wpcf7-textarea\" aria-invalid=\"false\" placeholder=\"Il tuo messaggio\" name=\"your-message\"><\/textarea><\/span>\n\t\t\t<\/p>\n\t\t<\/div>\n\t\t<div>\n\t\t\t<p><input class=\"wpcf7-form-control wpcf7-submit has-spinner grve-round\" type=\"submit\" value=\"Invia il tuo messaggio\" \/>\n\t\t\t<\/p>\n\t\t<\/div>\n\t<\/div>\n<\/div><div class=\"wpcf7-response-output\" aria-hidden=\"true\"><\/div>\n<input type=\"hidden\" name=\"trp-form-language\" value=\"en\"\/><\/form>\n<\/div>\n<\/div><\/div><div class=\"grve-column wpb_column grve-column-1-6\" ><div class=\"grve-column-wrapper\" ><\/div><\/div><\/div><\/div><div class=\"grve-background-wrapper\">  <div class=\"grve-bg-image grve-bg-center-center grve-bg-image-id-16819\"   style=\"background-image: url(https:\/\/stresatours.com\/wp-content\/uploads\/2022\/03\/santa-caterina.jpg);\"><\/div>  <div class=\"grve-bg-overlay grve-bg-dark grve-opacity-50\"><\/div><\/div><\/div><div class=\"grve-section grve-row-section grve-fullwidth grve-bg-none\"><div class=\"grve-container\"><div class=\"grve-row grve-bookmark grve-columns-gap-none\"><div class=\"grve-column wpb_column grve-column-1\" ><div class=\"grve-column-wrapper\" ><div class=\"grve-map-wrapper\"><div class=\"grve-element grve-map\" data-lat=\"45.8833361\" data-lng=\"8.5408175\" data-zoom=\"14\" data-disable-style=\"no\" style=\"height: 600px;\"><\/div>  <div style=\"display:none\" class=\"grve-map-point\" data-point-marker=\"\/\/stresatours.com\/wp-content\/themes\/movedo\/images\/markers\/markers.png\" data-point-lat=\"45.8833361\" data-point-lng=\"8.5408175\" data-point-title=\"\" data-point-type=\"image\" data-point-marker-width=\"38\" data-point-marker-height=\"60\"><\/div><\/div><\/div><\/div><\/div><\/div><div class=\"grve-background-wrapper\"><\/div><\/div><div class=\"grve-section grve-row-section grve-fullwidth grve-bg-none grve-headings-light grve-custom-height grve-middle-content\"  style=\"color:#ffffff;\"><div class=\"grve-container\"><div class=\"grve-row grve-bookmark grve-columns-gap-none\"><div class=\"grve-column wpb_column grve-column-1-2\" ><div class=\"grve-column-wrapper vc_custom_1751460923772\" ><\/div><\/div><div class=\"grve-column wpb_column grve-column-1-2 grve-headings-primary-1\" ><div class=\"grve-column-wrapper vc_custom_1647277387893\" ><h2 class=\"grve-element grve-title grve-align-center grve-leader-text grve-increase-heading grve-heading-140\" style=\"margin-bottom: 0px;\"><span>Stay<\/span><\/h2><h2 class=\"grve-element grve-title grve-align-center grve-h1 grve-increase-heading grve-heading-200\" style=\"margin-bottom: 0px;\"><span>Tuned.<\/span><\/h2><div class=\"grve-empty-space grve-height-2x\" style=\"\"><\/div>\t\t\t<div class=\"grve-element grve-social grve-align-center\" style=\"\">\r\n\t\t\t\t<ul>\r\n\t\t\t\t\t\t\t\t\t\t\t<li>\r\n\t\t\t\t\t\t\t\t<a href=\"https:\/\/www.facebook.com\/stresatours\/\" class=\"grve-small grve-circle grve-with-shape grve-outline grve-text-primary-1 grve-text-hover-primary-1\" aria-label=\"Facebook\" target=\"_blank\" rel=\"noopener noreferrer\">\r\n\t\t\t\t\t\t\t\t\t<i class=\"grve-text-primary-1 fab fa-facebook-f\"><\/i>\r\n\t\t\t\t\t\t\t\t<\/a>\r\n\t\t\t\t\t\t\t<\/li>\r\n\t\t\t\t\t\t\t\t\t\t\t<li>\r\n\t\t\t\t\t\t\t\t<a href=\"https:\/\/www.instagram.com\/isoleborromeestresatours\/\" class=\"grve-small grve-circle grve-with-shape grve-outline grve-text-primary-1 grve-text-hover-primary-1\" aria-label=\"Instagram\" target=\"_blank\" rel=\"noopener noreferrer\">\r\n\t\t\t\t\t\t\t\t\t<i class=\"grve-text-primary-1 fab fa-instagram\"><\/i>\r\n\t\t\t\t\t\t\t\t<\/a>\r\n\t\t\t\t\t\t\t<\/li>\r\n\t\t\t\t\t\t\t\t\t\t\t<li>\r\n\t\t\t\t\t\t\t\t<a href=\"https:\/\/www.youtube.com\/channel\/UCFHexvOR3sW1RvrMOdlyGfg\" class=\"grve-small grve-circle grve-with-shape grve-outline grve-text-primary-1 grve-text-hover-primary-1\" aria-label=\"YouTube\" target=\"_blank\" rel=\"noopener noreferrer\">\r\n\t\t\t\t\t\t\t\t\t<i class=\"grve-text-primary-1 fab fa-youtube\"><\/i>\r\n\t\t\t\t\t\t\t\t<\/a>\r\n\t\t\t\t\t\t\t<\/li>\r\n\t\t\t\t\t\t\t\t<\/ul>\r\n\t\t\t<\/div>\r\n\t\t<\/div><\/div><\/div><\/div><div class=\"grve-background-wrapper\"><\/div><\/div>","protected":false},"excerpt":{"rendered":"Parcheggi a StresaNon sai dove parcheggiare?Ecco qualche consiglio Per chi arriva in auto a Stresa trovare parcheggio, soprattutto nei weekend o in alta stagione, pu\u00f2 rivelarsi NON un gioco da ragazzi. Stessa esperienza \u00e8 vissuta anche dagli autisti di bus turistici gi\u00e0 limitati nella scelta per questioni di dimensioni dei mezzi. C.M.A. nasce e cresce [...]","protected":false},"author":1,"featured_media":0,"parent":0,"menu_order":0,"comment_status":"closed","ping_status":"closed","template":"","meta":{"footnotes":""},"class_list":["post-17349","page","type-page","status-publish","hentry"],"yoast_head":"<!-- This site is optimized with the Yoast SEO plugin v26.9 - https:\/\/yoast.com\/product\/yoast-seo-wordpress\/ -->\n<title>Parcheggiare a Stresa - Navigazione Lago Maggiore e Isole Borromeee<\/title>\n<meta name=\"robots\" content=\"index, follow, max-snippet:-1, max-image-preview:large, max-video-preview:-1\" \/>\n<link rel=\"canonical\" href=\"http:\/\/www.stresatours.com\/parcheggi-a-stresa\/\" \/>\n<meta property=\"og:locale\" content=\"en_GB\" \/>\n<meta property=\"og:type\" content=\"article\" \/>\n<meta property=\"og:title\" content=\"Parcheggiare a Stresa - Navigazione Lago Maggiore e Isole Borromeee\" \/>\n<meta property=\"og:url\" content=\"http:\/\/www.stresatours.com\/parcheggi-a-stresa\/\" \/>\n<meta property=\"og:site_name\" content=\"Navigazione Lago Maggiore e Isole Borromeee\" \/>\n<meta property=\"article:modified_time\" content=\"2025-07-02T12:55:27+00:00\" \/>\n<meta name=\"twitter:card\" content=\"summary_large_image\" \/>\n<meta name=\"twitter:label1\" content=\"Estimated reading time\" \/>\n\t<meta name=\"twitter:data1\" content=\"2 minutes\" \/>\n<script type=\"application\/ld+json\" class=\"yoast-schema-graph\">{\"@context\":\"https:\/\/schema.org\",\"@graph\":[{\"@type\":\"WebPage\",\"@id\":\"http:\/\/www.stresatours.com\/parcheggi-a-stresa\/\",\"url\":\"http:\/\/www.stresatours.com\/parcheggi-a-stresa\/\",\"name\":\"Parcheggiare a Stresa - Navigazione Lago Maggiore e Isole Borromeee\",\"isPartOf\":{\"@id\":\"https:\/\/stresatours.com\/#website\"},\"datePublished\":\"2023-02-23T09:47:34+00:00\",\"dateModified\":\"2025-07-02T12:55:27+00:00\",\"inLanguage\":\"en-GB\",\"potentialAction\":[{\"@type\":\"ReadAction\",\"target\":[\"http:\/\/www.stresatours.com\/parcheggi-a-stresa\/\"]}]},{\"@type\":\"WebSite\",\"@id\":\"https:\/\/stresatours.com\/#website\",\"url\":\"https:\/\/stresatours.com\/\",\"name\":\"Navigazione Lago Maggiore e Isole Borromeee\",\"description\":\"Stresa Tours CMA\",\"potentialAction\":[{\"@type\":\"SearchAction\",\"target\":{\"@type\":\"EntryPoint\",\"urlTemplate\":\"https:\/\/stresatours.com\/?s={search_term_string}\"},\"query-input\":{\"@type\":\"PropertyValueSpecification\",\"valueRequired\":true,\"valueName\":\"search_term_string\"}}],\"inLanguage\":\"en-GB\"}]}<\/script>\n<!-- \/ Yoast SEO plugin. -->","yoast_head_json":{"title":"Parcheggiare a Stresa - Navigazione Lago Maggiore e Isole Borromeee","robots":{"index":"index","follow":"follow","max-snippet":"max-snippet:-1","max-image-preview":"max-image-preview:large","max-video-preview":"max-video-preview:-1"},"canonical":"http:\/\/www.stresatours.com\/parcheggi-a-stresa\/","og_locale":"en_GB","og_type":"article","og_title":"Parcheggiare a Stresa - Navigazione Lago Maggiore e Isole Borromeee","og_url":"http:\/\/www.stresatours.com\/parcheggi-a-stresa\/","og_site_name":"Navigazione Lago Maggiore e Isole Borromeee","article_modified_time":"2025-07-02T12:55:27+00:00","twitter_card":"summary_large_image","twitter_misc":{"Estimated reading time":"2 minutes"},"schema":{"@context":"https:\/\/schema.org","@graph":[{"@type":"WebPage","@id":"http:\/\/www.stresatours.com\/parcheggi-a-stresa\/","url":"http:\/\/www.stresatours.com\/parcheggi-a-stresa\/","name":"Parcheggiare a Stresa - Navigazione Lago Maggiore e Isole Borromeee","isPartOf":{"@id":"https:\/\/stresatours.com\/#website"},"datePublished":"2023-02-23T09:47:34+00:00","dateModified":"2025-07-02T12:55:27+00:00","inLanguage":"en-GB","potentialAction":[{"@type":"ReadAction","target":["http:\/\/www.stresatours.com\/parcheggi-a-stresa\/"]}]},{"@type":"WebSite","@id":"https:\/\/stresatours.com\/#website","url":"https:\/\/stresatours.com\/","name":"Navigazione Lago Maggiore e Isole Borromeee","description":"Stresa Tours CMA","potentialAction":[{"@type":"SearchAction","target":{"@type":"EntryPoint","urlTemplate":"https:\/\/stresatours.com\/?s={search_term_string}"},"query-input":{"@type":"PropertyValueSpecification","valueRequired":true,"valueName":"search_term_string"}}],"inLanguage":"en-GB"}]}},"_links":{"self":[{"href":"http:\/\/stresatours.com\/en\/wp-json\/wp\/v2\/pages\/17349","targetHints":{"allow":["GET"]}}],"collection":[{"href":"http:\/\/stresatours.com\/en\/wp-json\/wp\/v2\/pages"}],"about":[{"href":"http:\/\/stresatours.com\/en\/wp-json\/wp\/v2\/types\/page"}],"author":[{"embeddable":true,"href":"http:\/\/stresatours.com\/en\/wp-json\/wp\/v2\/users\/1"}],"replies":[{"embeddable":true,"href":"http:\/\/stresatours.com\/en\/wp-json\/wp\/v2\/comments?post=17349"}],"version-history":[{"count":8,"href":"http:\/\/stresatours.com\/en\/wp-json\/wp\/v2\/pages\/17349\/revisions"}],"predecessor-version":[{"id":17515,"href":"http:\/\/stresatours.com\/en\/wp-json\/wp\/v2\/pages\/17349\/revisions\/17515"}],"wp:attachment":[{"href":"http:\/\/stresatours.com\/en\/wp-json\/wp\/v2\/media?parent=17349"}],"curies":[{"name":"wp","href":"https:\/\/api.w.org\/{rel}","templated":true}]}}