{"id":17014,"date":"2022-03-29T11:11:16","date_gmt":"2022-03-29T09:11:16","guid":{"rendered":"https:\/\/stresatours.com\/?page_id=17014"},"modified":"2023-01-19T12:13:59","modified_gmt":"2023-01-19T11:13:59","slug":"scuole","status":"publish","type":"page","link":"https:\/\/stresatours.com\/en\/servizi\/scuole\/","title":{"rendered":"Scuole e Gite scolastiche"},"content":{"rendered":"<div class=\"grve-section grve-row-section grve-fullwidth-background grve-padding-top-6x grve-padding-bottom-6x grve-bg-none grve-headings-light\"  style=\"color:#ffffff;\"><div class=\"grve-container\"><div class=\"grve-row grve-bookmark grve-columns-gap-30\"><div class=\"grve-column wpb_column grve-column-1\" ><div class=\"grve-column-wrapper\" ><div class=\"grve-empty-space grve-height-2x\" style=\"\"><\/div><h1 class=\"grve-element grve-title grve-align-center grve-animated-item grve-duration-normal grve-fade-in-up grve-h1 grve-increase-heading grve-heading-300\" style=\"\" data-delay=\"200\"><span>Scuole e Gite scolastiche<\/span><\/h1><\/div><\/div><\/div><\/div><div class=\"grve-background-wrapper\">  <div class=\"grve-bg-image grve-bg-center-center grve-bg-image-id-16760\"   style=\"background-image: url(https:\/\/stresatours.com\/wp-content\/uploads\/2022\/03\/arte.jpg);\"><\/div>  <div class=\"grve-bg-overlay grve-bg-dark grve-opacity-30\"><\/div><\/div><div class=\"grve-separator-bottom\"><svg class=\"grve-separator grve-tilt-right-separator\" xmlns=\"http:\/\/www.w3.org\/2000\/svg\" version=\"1.1\" fill=\"#db0038\" width=\"100%\" height=\"90\" viewbox=\"0 0 1920 90\" preserveaspectratio=\"none\"><polygon class=\"fil0\" points=\"0,90 1920,90 0,0 \"\/><\/svg><\/div><\/div><div class=\"grve-section grve-row-section grve-fullwidth-background grve-padding-top-5x grve-padding-bottom-5x grve-bg-none grve-headings-light grve-custom-height grve-middle-content\" data-tablet-portrait-equal-columns=\"false\" data-mobile-equal-columns=\"false\"  style=\"background-color:#db0038;color:rgb(255,255,255);color:rgba(255,255,255,0.6);\"><div class=\"grve-container\"><div class=\"grve-row grve-bookmark grve-columns-gap-30\"><div class=\"grve-column wpb_column grve-column-1 grve-tablet-sm-column-1\"  style=\"color:#ffffff;\" ><div class=\"grve-column-wrapper\" ><h1 class=\"grve-element grve-title grve-align-center grve-animated-item grve-duration-normal grve-fade-in-up grve-leader-text grve-increase-heading grve-heading-140\" style=\"\" data-delay=\"200\"><span>Scopri il servizio dedicato alle scuole<\/span><\/h1><h1 class=\"grve-element grve-title grve-align-center grve-animated-item grve-duration-normal grve-fade-in-up grve-h1 grve-increase-heading grve-heading-200\" style=\"\" data-delay=\"200\"><span>Gite in barca sul Lago Maggiore<\/span><\/h1><div class=\"grve-empty-space grve-height-1x\" style=\"\"><\/div><div class=\"grve-element grve-text grve-animated-item grve-fade-in-right grve-duration-normal\" data-delay=\"600\">\r\r\n\t\t\t<p style=\"text-align: center;\">Thanks to its experience, CMA will also be able to offer a quality service to schools of various levels who intend to spend an educational day visiting tourist attractions, historical and natural sites of Lake Maggiore. The visit can be structured in the itinerary and times according to the needs of teachers and groups. Our boats are equipped with the necessary and tested safety regulations for the transport of school pupils. <a href=\"https:\/\/stresatours.com\/en\/contatti-2\/\">For more information<\/a> we are at your complete disposal by mail or telephone to organize your itinerary together and make your trip unique and pleasing to the kids.<\/p>\n\r\r\n\t\t<\/div>\r\r\n\t<\/div><\/div><\/div><\/div><div class=\"grve-background-wrapper\"><\/div><\/div><div class=\"grve-section grve-row-section grve-fullwidth-background grve-padding-top-6x grve-padding-bottom-6x grve-bg-none grve-custom-height grve-middle-content\"><div class=\"grve-container\"><div class=\"grve-row grve-bookmark grve-columns-gap-none\"><div class=\"grve-column wpb_column grve-column-1\" ><div class=\"grve-column-wrapper vc_custom_1648545260291\" ><h1 class=\"grve-element grve-title grve-align-center grve-animated-item grve-duration-normal grve-fade-in-up grve-leader-text grve-increase-heading grve-heading-140\" style=\"\" data-delay=\"200\"><span><span style=\"color: #db0038;\">Servizi dedicati alle scuole<\/span><\/span><\/h1><h1 class=\"grve-element grve-title grve-align-center grve-animated-item grve-duration-normal grve-fade-in-up grve-h1 grve-increase-heading grve-heading-200\" style=\"\" data-delay=\"200\"><span>Perch\u00e9 con CMA?<\/span><\/h1><div class=\"grve-empty-space grve-height-1x\" style=\"\"><\/div><div class=\"grve-row-inner grve-bookmark\">\r\r\n\t\t<div class=\"grve-column-inner wpb_column grve-column-1-3\">\r\r\n\t\t\t<div class=\"grve-column-wrapper-inner\">\r\r\n\t\t\t<div class=\"grve-element grve-box-icon grve-medium grve-top-icon grve-align-center\" style=\"\"><div class=\"grve-image-icon\"><img loading=\"lazy\" decoding=\"async\" width=\"400\" height=\"400\" src=\"https:\/\/stresatours.com\/wp-content\/uploads\/2022\/03\/486-school-outline.gif\" class=\"attachment-full size-full\" alt=\"\" srcset=\"https:\/\/stresatours.com\/wp-content\/uploads\/2022\/03\/486-school-outline.gif 1x,https:\/\/stresatours.com\/wp-content\/uploads\/2022\/03\/486-school-outline.gif 2x\" \/><\/div><div class=\"grve-box-content\"><div class=\"grve-box-title-wrapper\"><h3 class=\"grve-box-title grve-h3\">Imparare<\/h3><\/div>  <p class=\"\">Storia, Arte<br \/>\ne cultura.<\/p><\/div><\/div>\r\r\n\t\t\t<\/div>\r\r\n\t\t<\/div>\r\r\n\t\r\r\n\t\t<div class=\"grve-column-inner wpb_column grve-column-1-3\">\r\r\n\t\t\t<div class=\"grve-column-wrapper-inner\">\r\r\n\t\t\t<div class=\"grve-element grve-box-icon grve-medium grve-top-icon grve-align-center\" style=\"\"><div class=\"grve-image-icon\"><img loading=\"lazy\" decoding=\"async\" width=\"400\" height=\"400\" src=\"https:\/\/stresatours.com\/wp-content\/uploads\/2022\/03\/1534-paper-boat-outline.gif\" class=\"attachment-full size-full\" alt=\"\" srcset=\"https:\/\/stresatours.com\/wp-content\/uploads\/2022\/03\/1534-paper-boat-outline.gif 1x,https:\/\/stresatours.com\/wp-content\/uploads\/2022\/03\/1534-paper-boat-outline.gif 2x\" \/><\/div><div class=\"grve-box-content\"><div class=\"grve-box-title-wrapper\"><h3 class=\"grve-box-title grve-h3\">Esplorare<\/h3><\/div>  <p class=\"\">Itinerari studiati insieme<br \/>\nper i ragazzi.<\/p><\/div><\/div>\r\r\n\t\t\t<\/div>\r\r\n\t\t<\/div>\r\r\n\t\r\r\n\t\t<div class=\"grve-column-inner wpb_column grve-column-1-3\">\r\r\n\t\t\t<div class=\"grve-column-wrapper-inner\">\r\r\n\t\t\t<div class=\"grve-element grve-box-icon grve-medium grve-top-icon grve-align-center\" style=\"\"><div class=\"grve-image-icon\"><img loading=\"lazy\" decoding=\"async\" width=\"400\" height=\"400\" src=\"https:\/\/stresatours.com\/wp-content\/uploads\/2022\/03\/2234-firework-outline.gif\" class=\"attachment-full size-full\" alt=\"\" srcset=\"https:\/\/stresatours.com\/wp-content\/uploads\/2022\/03\/2234-firework-outline.gif 1x,https:\/\/stresatours.com\/wp-content\/uploads\/2022\/03\/2234-firework-outline.gif 2x\" \/><\/div><div class=\"grve-box-content\"><div class=\"grve-box-title-wrapper\"><h3 class=\"grve-box-title grve-h3\">Divertirsi<\/h3><\/div>  <p class=\"\">Esperienza in barca<br \/>\nadatta ad ogni et\u00e0.<\/p><\/div><\/div>\r\r\n\t\t\t<\/div>\r\r\n\t\t<\/div>\r\r\n\t<\/div><\/div><\/div><\/div><\/div><div class=\"grve-background-wrapper\"><\/div><\/div><div class=\"grve-section grve-row-section grve-fullwidth-background grve-padding-top-6x grve-padding-bottom-6x grve-bg-parallax grve-headings-light\" data-parallax-threshold=\"0.5\"  style=\"color:#ffffff;\"><div class=\"grve-container\"><div class=\"grve-row grve-bookmark grve-columns-gap-none\"><div class=\"grve-column wpb_column grve-column-1\" ><div class=\"grve-column-wrapper\" ><h1 class=\"grve-element grve-title grve-align-center grve-animated-item grve-duration-normal grve-fade-in-up grve-leader-text grve-increase-heading grve-heading-180\" style=\"\" data-delay=\"200\"><span>Salpate con Noi.<\/span><\/h1><h1 class=\"grve-element grve-title grve-align-center grve-animated-item grve-duration-normal grve-fade-in-up grve-h1 grve-increase-heading grve-heading-300\" style=\"\" data-delay=\"200\"><span>Vuoi organizzare una gita con noi?<\/span><\/h1><div class=\"grve-empty-space grve-height-1x\" style=\"\"><\/div><div class=\"grve-element grve-align-center\"><a href=\"https:\/\/stresatours.com\/en\/contatti\/\" title=\"Groups\" class=\"grve-btn grve-btn-extralarge grve-square grve-bg-white grve-bg-hover-white\"><span>Contact us for a quote<\/span><\/a><\/div><\/div><\/div><\/div><\/div><div class=\"grve-background-wrapper\">  <div class=\"grve-bg-image grve-bg-image-id-16639\"   style=\"background-image: url(https:\/\/stresatours.com\/wp-content\/uploads\/2022\/03\/cma-lago-maggiore-navigazione.jpg);\"><\/div><\/div><\/div><div class=\"grve-section grve-row-section grve-fullwidth-background grve-padding-top-1x grve-padding-bottom-6x grve-bg-none grve-custom-height grve-middle-content grve-tablet-sm-row-hide grve-mobile-row-hide grve-separator-fullheight\" data-mobile-equal-columns=\"false\"><div class=\"grve-container\"><div class=\"grve-row grve-bookmark grve-columns-gap-30\"><div class=\"grve-column wpb_column grve-column-1 grve-headings-primary-2 grve-parallax-effect\"  data-parallax-effect=\"vertical-parallax\" data-sensitive=\"low\" data-limit=\"6x\" data-invert=\"false\" data-tablet-portrait-parallax-effect=\"none\" data-mobile-parallax-effect=\"none\"><div class=\"grve-column-wrapper\" ><h1 class=\"grve-element grve-title grve-align-center grve-animated-item grve-duration-normal grve-fade-in-up grve-h1 grve-increase-heading grve-heading-250\" style=\"margin-bottom: 0px;\" data-delay=\"200\"><span><br>\n<p style=\"text-align: center;\"><span style=\"color: #173473;\">Didn't find<\/span><br \/>\n<span style=\"color: #173473;\">what you are looking for?<\/span><br>\n<p style=\"text-align: center; color: #173473; font-size: 150%;\"><span style=\"color: #db003b; text-decoration: underline #173473;\">Ask Bella.<\/span><br>\n<\/span><\/h1><div class=\"grve-empty-space grve-height-2x\" style=\"\"><\/div><\/div><\/div><\/div><\/div><div class=\"grve-background-wrapper\"><\/div><\/div>","protected":false},"excerpt":{"rendered":"<p>Eu homero honestatis necessitatibus sit, latine omittam qualisque in sea, appetere suavitate ad eos. Bonorum tibique nam at, maiorum partiendo euripidis nam ut. An eos cibo regione abhorreant. Diam velit aliquam his et, quot everti et est. In nec erat regione commune, eirmod copiosae dissentias has id. Ad his fugit regione commune.<\/p>","protected":false},"author":1,"featured_media":0,"parent":16762,"menu_order":0,"comment_status":"closed","ping_status":"closed","template":"","meta":{"footnotes":""},"class_list":["post-17014","page","type-page","status-publish","hentry"],"yoast_head":"<!-- This site is optimized with the Yoast SEO plugin v26.9 - https:\/\/yoast.com\/product\/yoast-seo-wordpress\/ -->\n<title>Gite scolastiche al Lago Maggiore - professionalit\u00e0 e sicurezza per una giornata unica<\/title>\n<meta name=\"description\" content=\"Stresa Tours \u00e8 a disposizione per gite scolastiche sul Lago Maggiore, la nostra esperienza far\u00e0 vivere una giornata indimenticabile agli alunni. Gita alle isole borromee e ai parchi del lago maggiore. Imbarcazioni a norma di sicurezza per trasportare bambini\" \/>\n<meta name=\"robots\" content=\"index, follow, max-snippet:-1, max-image-preview:large, max-video-preview:-1\" \/>\n<link rel=\"canonical\" href=\"http:\/\/www.stresatours.com\/servizi\/scuole\/\" \/>\n<meta property=\"og:locale\" content=\"en_GB\" \/>\n<meta property=\"og:type\" content=\"article\" \/>\n<meta property=\"og:title\" content=\"Gite scolastiche al Lago Maggiore - professionalit\u00e0 e sicurezza per una giornata unica\" \/>\n<meta property=\"og:description\" content=\"Stresa Tours \u00e8 a disposizione per gite scolastiche sul Lago Maggiore, la nostra esperienza far\u00e0 vivere una giornata indimenticabile agli alunni. Gita alle isole borromee e ai parchi del lago maggiore. Imbarcazioni a norma di sicurezza per trasportare bambini\" \/>\n<meta property=\"og:url\" content=\"http:\/\/www.stresatours.com\/servizi\/scuole\/\" \/>\n<meta property=\"og:site_name\" content=\"Navigazione Lago Maggiore e Isole Borromeee\" \/>\n<meta property=\"article:modified_time\" content=\"2023-01-19T11:13:59+00:00\" \/>\n<meta name=\"twitter:card\" content=\"summary_large_image\" \/>\n<meta name=\"twitter:label1\" content=\"Estimated reading time\" \/>\n\t<meta name=\"twitter:data1\" content=\"2 minutes\" \/>\n<script type=\"application\/ld+json\" class=\"yoast-schema-graph\">{\"@context\":\"https:\/\/schema.org\",\"@graph\":[{\"@type\":\"WebPage\",\"@id\":\"http:\/\/www.stresatours.com\/servizi\/scuole\/\",\"url\":\"http:\/\/www.stresatours.com\/servizi\/scuole\/\",\"name\":\"Gite scolastiche al Lago Maggiore - professionalit\u00e0 e sicurezza per una giornata unica\",\"isPartOf\":{\"@id\":\"https:\/\/stresatours.com\/#website\"},\"datePublished\":\"2022-03-29T09:11:16+00:00\",\"dateModified\":\"2023-01-19T11:13:59+00:00\",\"description\":\"Stresa Tours \u00e8 a disposizione per gite scolastiche sul Lago Maggiore, la nostra esperienza far\u00e0 vivere una giornata indimenticabile agli alunni. Gita alle isole borromee e ai parchi del lago maggiore. Imbarcazioni a norma di sicurezza per trasportare bambini\",\"breadcrumb\":{\"@id\":\"http:\/\/www.stresatours.com\/servizi\/scuole\/#breadcrumb\"},\"inLanguage\":\"en-GB\",\"potentialAction\":[{\"@type\":\"ReadAction\",\"target\":[\"http:\/\/www.stresatours.com\/servizi\/scuole\/\"]}]},{\"@type\":\"BreadcrumbList\",\"@id\":\"http:\/\/www.stresatours.com\/servizi\/scuole\/#breadcrumb\",\"itemListElement\":[{\"@type\":\"ListItem\",\"position\":1,\"name\":\"Gruppi\",\"item\":\"http:\/\/www.stresatours.com\/servizi\/\"},{\"@type\":\"ListItem\",\"position\":2,\"name\":\"Scuole e Gite scolastiche\"}]},{\"@type\":\"WebSite\",\"@id\":\"https:\/\/stresatours.com\/#website\",\"url\":\"https:\/\/stresatours.com\/\",\"name\":\"Navigazione Lago Maggiore e Isole Borromeee\",\"description\":\"Stresa Tours CMA\",\"potentialAction\":[{\"@type\":\"SearchAction\",\"target\":{\"@type\":\"EntryPoint\",\"urlTemplate\":\"https:\/\/stresatours.com\/?s={search_term_string}\"},\"query-input\":{\"@type\":\"PropertyValueSpecification\",\"valueRequired\":true,\"valueName\":\"search_term_string\"}}],\"inLanguage\":\"en-GB\"}]}<\/script>\n<!-- \/ Yoast SEO plugin. -->","yoast_head_json":{"title":"Gite scolastiche al Lago Maggiore - professionalit\u00e0 e sicurezza per una giornata unica","description":"Stresa Tours \u00e8 a disposizione per gite scolastiche sul Lago Maggiore, la nostra esperienza far\u00e0 vivere una giornata indimenticabile agli alunni. Gita alle isole borromee e ai parchi del lago maggiore. Imbarcazioni a norma di sicurezza per trasportare bambini","robots":{"index":"index","follow":"follow","max-snippet":"max-snippet:-1","max-image-preview":"max-image-preview:large","max-video-preview":"max-video-preview:-1"},"canonical":"http:\/\/www.stresatours.com\/servizi\/scuole\/","og_locale":"en_GB","og_type":"article","og_title":"Gite scolastiche al Lago Maggiore - professionalit\u00e0 e sicurezza per una giornata unica","og_description":"Stresa Tours \u00e8 a disposizione per gite scolastiche sul Lago Maggiore, la nostra esperienza far\u00e0 vivere una giornata indimenticabile agli alunni. Gita alle isole borromee e ai parchi del lago maggiore. Imbarcazioni a norma di sicurezza per trasportare bambini","og_url":"http:\/\/www.stresatours.com\/servizi\/scuole\/","og_site_name":"Navigazione Lago Maggiore e Isole Borromeee","article_modified_time":"2023-01-19T11:13:59+00:00","twitter_card":"summary_large_image","twitter_misc":{"Estimated reading time":"2 minutes"},"schema":{"@context":"https:\/\/schema.org","@graph":[{"@type":"WebPage","@id":"http:\/\/www.stresatours.com\/servizi\/scuole\/","url":"http:\/\/www.stresatours.com\/servizi\/scuole\/","name":"Gite scolastiche al Lago Maggiore - professionalit\u00e0 e sicurezza per una giornata unica","isPartOf":{"@id":"https:\/\/stresatours.com\/#website"},"datePublished":"2022-03-29T09:11:16+00:00","dateModified":"2023-01-19T11:13:59+00:00","description":"Stresa Tours \u00e8 a disposizione per gite scolastiche sul Lago Maggiore, la nostra esperienza far\u00e0 vivere una giornata indimenticabile agli alunni. Gita alle isole borromee e ai parchi del lago maggiore. Imbarcazioni a norma di sicurezza per trasportare bambini","breadcrumb":{"@id":"http:\/\/www.stresatours.com\/servizi\/scuole\/#breadcrumb"},"inLanguage":"en-GB","potentialAction":[{"@type":"ReadAction","target":["http:\/\/www.stresatours.com\/servizi\/scuole\/"]}]},{"@type":"BreadcrumbList","@id":"http:\/\/www.stresatours.com\/servizi\/scuole\/#breadcrumb","itemListElement":[{"@type":"ListItem","position":1,"name":"Gruppi","item":"http:\/\/www.stresatours.com\/servizi\/"},{"@type":"ListItem","position":2,"name":"Scuole e Gite scolastiche"}]},{"@type":"WebSite","@id":"https:\/\/stresatours.com\/#website","url":"https:\/\/stresatours.com\/","name":"Navigazione Lago Maggiore e Isole Borromeee","description":"Stresa Tours CMA","potentialAction":[{"@type":"SearchAction","target":{"@type":"EntryPoint","urlTemplate":"https:\/\/stresatours.com\/?s={search_term_string}"},"query-input":{"@type":"PropertyValueSpecification","valueRequired":true,"valueName":"search_term_string"}}],"inLanguage":"en-GB"}]}},"_links":{"self":[{"href":"https:\/\/stresatours.com\/en\/wp-json\/wp\/v2\/pages\/17014","targetHints":{"allow":["GET"]}}],"collection":[{"href":"https:\/\/stresatours.com\/en\/wp-json\/wp\/v2\/pages"}],"about":[{"href":"https:\/\/stresatours.com\/en\/wp-json\/wp\/v2\/types\/page"}],"author":[{"embeddable":true,"href":"https:\/\/stresatours.com\/en\/wp-json\/wp\/v2\/users\/1"}],"replies":[{"embeddable":true,"href":"https:\/\/stresatours.com\/en\/wp-json\/wp\/v2\/comments?post=17014"}],"version-history":[{"count":10,"href":"https:\/\/stresatours.com\/en\/wp-json\/wp\/v2\/pages\/17014\/revisions"}],"predecessor-version":[{"id":17289,"href":"https:\/\/stresatours.com\/en\/wp-json\/wp\/v2\/pages\/17014\/revisions\/17289"}],"up":[{"embeddable":true,"href":"https:\/\/stresatours.com\/en\/wp-json\/wp\/v2\/pages\/16762"}],"wp:attachment":[{"href":"https:\/\/stresatours.com\/en\/wp-json\/wp\/v2\/media?parent=17014"}],"curies":[{"name":"wp","href":"https:\/\/api.w.org\/{rel}","templated":true}]}}