{"id":17017,"date":"2022-03-29T11:11:43","date_gmt":"2022-03-29T09:11:43","guid":{"rendered":"https:\/\/stresatours.com\/?page_id=17017"},"modified":"2023-02-22T15:14:35","modified_gmt":"2023-02-22T14:14:35","slug":"gruppi","status":"publish","type":"page","link":"https:\/\/stresatours.com\/en\/servizi\/gruppi\/","title":{"rendered":"Groups"},"content":{"rendered":"<div class=\"grve-section grve-row-section grve-fullwidth-background grve-padding-top-6x grve-padding-bottom-6x grve-bg-none grve-headings-light\"  style=\"color:#ffffff;\"><div class=\"grve-container\"><div class=\"grve-row grve-bookmark grve-columns-gap-30\"><div class=\"grve-column wpb_column grve-column-1\" ><div class=\"grve-column-wrapper\" ><div class=\"grve-empty-space grve-height-2x\" style=\"\"><\/div><h1 class=\"grve-element grve-title grve-align-center grve-animated-item grve-duration-normal grve-fade-in-up grve-h1 grve-increase-heading grve-heading-300\" style=\"\" data-delay=\"200\"><span>Groups<\/span><\/h1><div class=\"grve-empty-space grve-height-2x\" style=\"\"><\/div><\/div><\/div><\/div><\/div><div class=\"grve-background-wrapper\">  <div class=\"grve-bg-image grve-bg-center-center grve-bg-image-id-17324\"   style=\"background-image: url(https:\/\/stresatours.com\/wp-content\/uploads\/2023\/02\/IMG_5078-1920x1280.jpg);\"><\/div>  <div class=\"grve-bg-overlay grve-bg-dark grve-opacity-20\"><\/div><\/div><div class=\"grve-separator-bottom\"><svg class=\"grve-separator grve-tilt-right-separator\" xmlns=\"http:\/\/www.w3.org\/2000\/svg\" version=\"1.1\" fill=\"#db0038\" width=\"100%\" height=\"90\" viewbox=\"0 0 1920 90\" preserveaspectratio=\"none\"><polygon class=\"fil0\" points=\"0,90 1920,90 0,0 \"\/><\/svg><\/div><\/div><div class=\"grve-section grve-row-section grve-fullwidth-background grve-padding-top-5x grve-padding-bottom-5x grve-bg-none grve-headings-light grve-custom-height grve-middle-content\" data-tablet-portrait-equal-columns=\"false\" data-mobile-equal-columns=\"false\"  style=\"background-color:#db0038;color:rgb(255,255,255);color:rgba(255,255,255,0.6);\"><div class=\"grve-container\"><div class=\"grve-row grve-bookmark grve-columns-gap-30\"><div class=\"grve-column wpb_column grve-column-1 grve-tablet-sm-column-1\"  style=\"color:#ffffff;\" ><div class=\"grve-column-wrapper\" ><h1 class=\"grve-element grve-title grve-align-center grve-animated-item grve-duration-normal grve-fade-in-up grve-leader-text grve-increase-heading grve-heading-140\" style=\"\" data-delay=\"200\"><span>Scopri il nostro servizio dedicato ai gruppi<\/span><\/h1><h1 class=\"grve-element grve-title grve-align-center grve-animated-item grve-duration-normal grve-fade-in-up grve-h1 grve-increase-heading grve-heading-200\" style=\"\" data-delay=\"200\"><span>Travelling Together<\/span><\/h1><div class=\"grve-empty-space grve-height-1x\" style=\"\"><\/div><div class=\"grve-element grve-text grve-animated-item grve-fade-in-right grve-duration-normal\" data-delay=\"600\">\r\r\n\t\t\t<p style=\"text-align: center;\">CMA vanta una lunga esperienza nella navigazione del lago Maggiore e nell\u2019organizzazione di itinerari per gruppi e comitive. Ogni Tour Group trover\u00e0 in CMA il partner ideale con il quale pianificare l\u2019escursione in barca pi\u00f9 appropriata secondo le esigenze e i desideri. La professionalit\u00e0 di uno staff multilingue, la disponibilit\u00e0 in ogni giorno dell\u2019anno e l\u2019attenzione fornita costantemente ai propri clienti da parte di CMA garantiranno ad ogni gruppo un servizio di qualit\u00e0 durante l\u2019intero soggiorno sul lago Maggiore.<\/p>\n<p style=\"text-align: center;\">The service includes the rental of a boat for private use with driver. The customer can organize his own itinerary and reach all the locations of Lake Maggiore in complete freedom and safety. <a href=\"https:\/\/stresatours.com\/en\/la-flotta\/\">The boats<\/a> are different and can be chosen based on their characteristics and capacity. In addition, the captains of our staff can recommend the most interesting and unusual itineraries.<\/p>\n\r\r\n\t\t<\/div>\r\r\n\t<\/div><\/div><\/div><\/div><div class=\"grve-background-wrapper\"><\/div><\/div><div class=\"grve-section grve-row-section grve-fullwidth-background grve-padding-top-6x grve-padding-bottom-6x grve-bg-none grve-custom-height grve-middle-content\"><div class=\"grve-container\"><div class=\"grve-row grve-bookmark grve-columns-gap-none\"><div class=\"grve-column wpb_column grve-column-1\" ><div class=\"grve-column-wrapper vc_custom_1648545260291\" ><h1 class=\"grve-element grve-title grve-align-center grve-animated-item grve-duration-normal grve-fade-in-up grve-leader-text grve-increase-heading grve-heading-140\" style=\"\" data-delay=\"200\"><span><span style=\"color: #db0038;\">Perch\u00e9 scegliere CMA?<\/span><\/span><\/h1><h1 class=\"grve-element grve-title grve-align-center grve-animated-item grve-duration-normal grve-fade-in-up grve-h1 grve-increase-heading grve-heading-200\" style=\"\" data-delay=\"200\"><span>Il tuo gruppo sul Lago Maggiore<\/span><\/h1><div class=\"grve-empty-space grve-height-1x\" style=\"\"><\/div><div class=\"grve-element grve-flexible-carousel grve-carousel grve-layout-1 grve-with-gap\" style=\"\"><div class=\"grve-carousel-wrapper\"><div class=\"grve-carousel-navigation grve-dark grve-navigation-1 grve-navigation-carousel\"><div class=\"grve-carousel-buttons\"><div class=\"grve-carousel-prev\"><i class=\"grve-icon-nav-left-small\"><\/i><span class=\"screen-reader-text\">Previous<\/span><\/div><div class=\"grve-carousel-next\"><i class=\"grve-icon-nav-right-small\"><\/i><span class=\"screen-reader-text\">Next<\/span><\/div><\/div><\/div>\t<div class=\"grve-flexible-carousel-element\" data-items=\"3\" data-items-tablet-landscape=\"4\" data-items-tablet-portrait=\"2\" data-items-mobile=\"1\" data-slider-autoplay=\"yes\" data-slider-speed=\"2000\" data-slider-pause=\"no\" data-pagination-speed=\"400\" data-pagination=\"no\" data-slider-autoheight=\"no\"><div class=\"grve-element grve-box-icon grve-medium grve-top-icon grve-align-center\" style=\"\"><div class=\"grve-image-icon\"><img loading=\"lazy\" decoding=\"async\" width=\"400\" height=\"400\" src=\"https:\/\/stresatours.com\/wp-content\/uploads\/2022\/03\/237-star-rating-morph.gif\" class=\"attachment-full size-full\" alt=\"\" srcset=\"https:\/\/stresatours.com\/wp-content\/uploads\/2022\/03\/237-star-rating-morph.gif 1x,https:\/\/stresatours.com\/wp-content\/uploads\/2022\/03\/237-star-rating-morph.gif 2x\" \/><\/div><div class=\"grve-box-content\"><div class=\"grve-box-title-wrapper\"><h3 class=\"grve-box-title grve-h3\">Expertise<\/h3><\/div>  <p class=\"\">The best solution for a group visit to the Borromean Islands is to use the exclusive private boat service. This service, tested on the waters of Lake Maggiore for 40 years, guarantees the whole group a unique and unforgettable experience.<\/p><\/div><\/div><div class=\"grve-element grve-box-icon grve-medium grve-top-icon grve-align-center\" style=\"\"><div class=\"grve-image-icon\"><img loading=\"lazy\" decoding=\"async\" width=\"400\" height=\"400\" src=\"https:\/\/stresatours.com\/wp-content\/uploads\/2022\/03\/54-photo-picturellandscape-gallery-outline.gif\" class=\"attachment-full size-full\" alt=\"\" srcset=\"https:\/\/stresatours.com\/wp-content\/uploads\/2022\/03\/54-photo-picturellandscape-gallery-outline.gif 1x,https:\/\/stresatours.com\/wp-content\/uploads\/2022\/03\/54-photo-picturellandscape-gallery-outline.gif 2x\" \/><\/div><div class=\"grve-box-content\"><div class=\"grve-box-title-wrapper\"><h3 class=\"grve-box-title grve-h3\">Freedom to travel<\/h3><\/div>  <p class=\"\">An exclusive service at a competitive price: an expert will help you better organize the whole trip, offering you valuable support before and after the experience. The price will be calculated based on the needs of the group and the desired itinerary. Discounts and advantageous travel rates are provided for tour operators, travel agencies, pre-established groups and schools, all while always guaranteeing a service in compliance with current regulations.<\/p><\/div><\/div><div class=\"grve-element grve-box-icon grve-medium grve-top-icon grve-align-center\" style=\"\"><div class=\"grve-image-icon\"><img loading=\"lazy\" decoding=\"async\" width=\"400\" height=\"400\" src=\"https:\/\/stresatours.com\/wp-content\/uploads\/2022\/03\/298-coins-outline.gif\" class=\"attachment-full size-full\" alt=\"\" srcset=\"https:\/\/stresatours.com\/wp-content\/uploads\/2022\/03\/298-coins-outline.gif 1x,https:\/\/stresatours.com\/wp-content\/uploads\/2022\/03\/298-coins-outline.gif 2x\" \/><\/div><div class=\"grve-box-content\"><div class=\"grve-box-title-wrapper\"><h3 class=\"grve-box-title grve-h3\">Best price<\/h3><\/div>  <p class=\"\">An exclusive service at a competitive price: an expert will help you better organize the whole trip, offering you valuable support before and after the experience. The price will be calculated based on the needs of the group and the desired itinerary. Discounts and advantageous travel rates are provided for tour operators, travel agencies, pre-established groups and schools, all while always guaranteeing a service in compliance with current regulations.<\/p><\/div><\/div><div class=\"grve-element grve-box-icon grve-medium grve-top-icon grve-align-center\" style=\"\"><div class=\"grve-image-icon\"><img loading=\"lazy\" decoding=\"async\" width=\"400\" height=\"400\" src=\"https:\/\/stresatours.com\/wp-content\/uploads\/2022\/03\/1337-cargo-ship-outline.gif\" class=\"attachment-full size-full\" alt=\"\" srcset=\"https:\/\/stresatours.com\/wp-content\/uploads\/2022\/03\/1337-cargo-ship-outline.gif 1x,https:\/\/stresatours.com\/wp-content\/uploads\/2022\/03\/1337-cargo-ship-outline.gif 2x\" \/><\/div><div class=\"grve-box-content\"><div class=\"grve-box-title-wrapper\"><h3 class=\"grve-box-title grve-h3\">Diverse fleet<\/h3><\/div>  <p class=\"\">Our fleet is made up of 11 modern boats with capacities ranging from 25 to 56 seats. In this way we can offer a service suitable for every need. Our boats are also the ideal solution for school groups, groups of friends, colleagues, companies and private parties.<\/p><\/div><\/div><div class=\"grve-element grve-box-icon grve-medium grve-top-icon grve-align-center\" style=\"\"><div class=\"grve-image-icon\"><img loading=\"lazy\" decoding=\"async\" width=\"400\" height=\"400\" src=\"https:\/\/stresatours.com\/wp-content\/uploads\/2022\/03\/146-basket-trolley-shopping-card-outline.gif\" class=\"attachment-full size-full\" alt=\"\" srcset=\"https:\/\/stresatours.com\/wp-content\/uploads\/2022\/03\/146-basket-trolley-shopping-card-outline.gif 1x,https:\/\/stresatours.com\/wp-content\/uploads\/2022\/03\/146-basket-trolley-shopping-card-outline.gif 2x\" \/><\/div><div class=\"grve-box-content\"><div class=\"grve-box-title-wrapper\"><h3 class=\"grve-box-title grve-h3\">Integrated ticket office<\/h3><\/div>  <p class=\"\">We can provide you with entrance tickets to visit the Borromean Islands, guaranteeing priority access without queues. By contacting the CMA staff by phone or using the appropriate form, it will be possible to agree in advance the stages, timing and points of interest of the itinerary.<\/p><\/div><\/div>\t<\/div>  <\/div><\/div><\/div><\/div><\/div><\/div><div class=\"grve-background-wrapper\"><\/div><\/div><div class=\"grve-section grve-row-section grve-fullwidth-background grve-padding-top-6x grve-padding-bottom-6x grve-bg-parallax grve-headings-light\" data-parallax-threshold=\"0.5\"  style=\"color:#ffffff;\"><div class=\"grve-container\"><div class=\"grve-row grve-bookmark grve-columns-gap-none\"><div class=\"grve-column wpb_column grve-column-1\" ><div class=\"grve-column-wrapper\" ><h1 class=\"grve-element grve-title grve-align-center grve-animated-item grve-duration-normal grve-fade-in-up grve-leader-text grve-increase-heading grve-heading-180\" style=\"\" data-delay=\"200\"><span>Vuoi organizzare il tuo tour di gruppo?<\/span><\/h1><h1 class=\"grve-element grve-title grve-align-center grve-animated-item grve-duration-normal grve-fade-in-up grve-h1 grve-increase-heading grve-heading-250\" style=\"\" data-delay=\"200\"><span>Esplora il lago Maggiore in libert\u00e0.<\/span><\/h1><div class=\"grve-empty-space grve-height-1x\" style=\"\"><\/div><div class=\"grve-element grve-align-center\"><a href=\"https:\/\/stresatours.com\/en\/contatti\/\" title=\"Contacts\" class=\"grve-btn grve-btn-extralarge grve-square grve-bg-white grve-bg-hover-white\"><span>Contact us for a quote<\/span><\/a><\/div><\/div><\/div><\/div><\/div><div class=\"grve-background-wrapper\">  <div class=\"grve-bg-image grve-bg-image-id-16639\"   style=\"background-image: url(https:\/\/stresatours.com\/wp-content\/uploads\/2022\/03\/cma-lago-maggiore-navigazione.jpg);\"><\/div><\/div><\/div><div class=\"grve-section grve-row-section grve-fullwidth-background grve-padding-top-1x grve-padding-bottom-6x grve-bg-none grve-custom-height grve-middle-content grve-tablet-sm-row-hide grve-mobile-row-hide grve-separator-fullheight\" data-mobile-equal-columns=\"false\"><div class=\"grve-container\"><div class=\"grve-row grve-bookmark grve-columns-gap-30\"><div class=\"grve-column wpb_column grve-column-1 grve-headings-primary-2 grve-parallax-effect\"  data-parallax-effect=\"vertical-parallax\" data-sensitive=\"low\" data-limit=\"6x\" data-invert=\"false\" data-tablet-portrait-parallax-effect=\"none\" data-mobile-parallax-effect=\"none\"><div class=\"grve-column-wrapper\" ><h1 class=\"grve-element grve-title grve-align-center grve-animated-item grve-duration-normal grve-fade-in-up grve-h1 grve-increase-heading grve-heading-250\" style=\"margin-bottom: 0px;\" data-delay=\"200\"><span><br>\n<p style=\"text-align: center;\"><span style=\"color: #173473;\">Didn't find<\/span><br \/>\n<span style=\"color: #173473;\">what you are looking for?<\/span><br>\n<p style=\"text-align: center; color: #173473; font-size: 150%;\"><span style=\"color: #db003b; text-decoration: underline #173473;\">Ask Bella.<\/span><br>\n<\/span><\/h1><div class=\"grve-empty-space grve-height-2x\" style=\"\"><\/div><\/div><\/div><\/div><\/div><div class=\"grve-background-wrapper\"><\/div><\/div>","protected":false},"excerpt":{"rendered":"<p>Eu homero honestatis necessitatibus sit, latine omittam qualisque in sea, appetere suavitate ad eos. Bonorum tibique nam at, maiorum partiendo euripidis nam ut. An eos cibo regione abhorreant. Diam velit aliquam his et, quot everti et est. In nec erat regione commune, eirmod copiosae dissentias has id. Ad his fugit regione commune.<\/p>","protected":false},"author":1,"featured_media":0,"parent":16762,"menu_order":0,"comment_status":"closed","ping_status":"closed","template":"","meta":{"footnotes":""},"class_list":["post-17017","page","type-page","status-publish","hentry"],"yoast_head":"<!-- This site is optimized with the Yoast SEO plugin v26.9 - https:\/\/yoast.com\/product\/yoast-seo-wordpress\/ -->\n<title>Tour privati per gruppi Lago Maggiore - imbarcazioni private con Stresa Tours<\/title>\n<meta name=\"description\" content=\"Vorresti organizzare un tour privato sul Lago Maggiore e sulle isole Borromee? Stresa Tours offre un servizio unico! Il cliente pu\u00f2 organizzare il proprio itinerario e uno staff professionale multilingue guider\u00e0 il vostro gruppo alla scoperta dei posti piu belli del Lago Maggiore\" \/>\n<meta name=\"robots\" content=\"index, follow, max-snippet:-1, max-image-preview:large, max-video-preview:-1\" \/>\n<link rel=\"canonical\" href=\"http:\/\/www.stresatours.com\/servizi\/gruppi\/\" \/>\n<meta property=\"og:locale\" content=\"en_GB\" \/>\n<meta property=\"og:type\" content=\"article\" \/>\n<meta property=\"og:title\" content=\"Tour privati per gruppi Lago Maggiore - imbarcazioni private con Stresa Tours\" \/>\n<meta property=\"og:description\" content=\"Vorresti organizzare un tour privato sul Lago Maggiore e sulle isole Borromee? Stresa Tours offre un servizio unico! Il cliente pu\u00f2 organizzare il proprio itinerario e uno staff professionale multilingue guider\u00e0 il vostro gruppo alla scoperta dei posti piu belli del Lago Maggiore\" \/>\n<meta property=\"og:url\" content=\"http:\/\/www.stresatours.com\/servizi\/gruppi\/\" \/>\n<meta property=\"og:site_name\" content=\"Navigazione Lago Maggiore e Isole Borromeee\" \/>\n<meta property=\"article:modified_time\" content=\"2023-02-22T14:14:35+00:00\" \/>\n<meta name=\"twitter:card\" content=\"summary_large_image\" \/>\n<meta name=\"twitter:label1\" content=\"Estimated reading time\" \/>\n\t<meta name=\"twitter:data1\" content=\"5 minutes\" \/>\n<script type=\"application\/ld+json\" class=\"yoast-schema-graph\">{\"@context\":\"https:\/\/schema.org\",\"@graph\":[{\"@type\":\"WebPage\",\"@id\":\"http:\/\/www.stresatours.com\/servizi\/gruppi\/\",\"url\":\"http:\/\/www.stresatours.com\/servizi\/gruppi\/\",\"name\":\"Tour privati per gruppi Lago Maggiore - imbarcazioni private con Stresa Tours\",\"isPartOf\":{\"@id\":\"https:\/\/stresatours.com\/#website\"},\"datePublished\":\"2022-03-29T09:11:43+00:00\",\"dateModified\":\"2023-02-22T14:14:35+00:00\",\"description\":\"Vorresti organizzare un tour privato sul Lago Maggiore e sulle isole Borromee? Stresa Tours offre un servizio unico! Il cliente pu\u00f2 organizzare il proprio itinerario e uno staff professionale multilingue guider\u00e0 il vostro gruppo alla scoperta dei posti piu belli del Lago Maggiore\",\"breadcrumb\":{\"@id\":\"http:\/\/www.stresatours.com\/servizi\/gruppi\/#breadcrumb\"},\"inLanguage\":\"en-GB\",\"potentialAction\":[{\"@type\":\"ReadAction\",\"target\":[\"http:\/\/www.stresatours.com\/servizi\/gruppi\/\"]}]},{\"@type\":\"BreadcrumbList\",\"@id\":\"http:\/\/www.stresatours.com\/servizi\/gruppi\/#breadcrumb\",\"itemListElement\":[{\"@type\":\"ListItem\",\"position\":1,\"name\":\"Gruppi\",\"item\":\"http:\/\/www.stresatours.com\/servizi\/\"},{\"@type\":\"ListItem\",\"position\":2,\"name\":\"Gruppi e Comitive\"}]},{\"@type\":\"WebSite\",\"@id\":\"https:\/\/stresatours.com\/#website\",\"url\":\"https:\/\/stresatours.com\/\",\"name\":\"Navigazione Lago Maggiore e Isole Borromeee\",\"description\":\"Stresa Tours CMA\",\"potentialAction\":[{\"@type\":\"SearchAction\",\"target\":{\"@type\":\"EntryPoint\",\"urlTemplate\":\"https:\/\/stresatours.com\/?s={search_term_string}\"},\"query-input\":{\"@type\":\"PropertyValueSpecification\",\"valueRequired\":true,\"valueName\":\"search_term_string\"}}],\"inLanguage\":\"en-GB\"}]}<\/script>\n<!-- \/ Yoast SEO plugin. -->","yoast_head_json":{"title":"Tour privati per gruppi Lago Maggiore - imbarcazioni private con Stresa Tours","description":"Vorresti organizzare un tour privato sul Lago Maggiore e sulle isole Borromee? Stresa Tours offre un servizio unico! Il cliente pu\u00f2 organizzare il proprio itinerario e uno staff professionale multilingue guider\u00e0 il vostro gruppo alla scoperta dei posti piu belli del Lago Maggiore","robots":{"index":"index","follow":"follow","max-snippet":"max-snippet:-1","max-image-preview":"max-image-preview:large","max-video-preview":"max-video-preview:-1"},"canonical":"http:\/\/www.stresatours.com\/servizi\/gruppi\/","og_locale":"en_GB","og_type":"article","og_title":"Tour privati per gruppi Lago Maggiore - imbarcazioni private con Stresa Tours","og_description":"Vorresti organizzare un tour privato sul Lago Maggiore e sulle isole Borromee? Stresa Tours offre un servizio unico! Il cliente pu\u00f2 organizzare il proprio itinerario e uno staff professionale multilingue guider\u00e0 il vostro gruppo alla scoperta dei posti piu belli del Lago Maggiore","og_url":"http:\/\/www.stresatours.com\/servizi\/gruppi\/","og_site_name":"Navigazione Lago Maggiore e Isole Borromeee","article_modified_time":"2023-02-22T14:14:35+00:00","twitter_card":"summary_large_image","twitter_misc":{"Estimated reading time":"5 minutes"},"schema":{"@context":"https:\/\/schema.org","@graph":[{"@type":"WebPage","@id":"http:\/\/www.stresatours.com\/servizi\/gruppi\/","url":"http:\/\/www.stresatours.com\/servizi\/gruppi\/","name":"Tour privati per gruppi Lago Maggiore - imbarcazioni private con Stresa Tours","isPartOf":{"@id":"https:\/\/stresatours.com\/#website"},"datePublished":"2022-03-29T09:11:43+00:00","dateModified":"2023-02-22T14:14:35+00:00","description":"Vorresti organizzare un tour privato sul Lago Maggiore e sulle isole Borromee? Stresa Tours offre un servizio unico! Il cliente pu\u00f2 organizzare il proprio itinerario e uno staff professionale multilingue guider\u00e0 il vostro gruppo alla scoperta dei posti piu belli del Lago Maggiore","breadcrumb":{"@id":"http:\/\/www.stresatours.com\/servizi\/gruppi\/#breadcrumb"},"inLanguage":"en-GB","potentialAction":[{"@type":"ReadAction","target":["http:\/\/www.stresatours.com\/servizi\/gruppi\/"]}]},{"@type":"BreadcrumbList","@id":"http:\/\/www.stresatours.com\/servizi\/gruppi\/#breadcrumb","itemListElement":[{"@type":"ListItem","position":1,"name":"Gruppi","item":"http:\/\/www.stresatours.com\/servizi\/"},{"@type":"ListItem","position":2,"name":"Gruppi e Comitive"}]},{"@type":"WebSite","@id":"https:\/\/stresatours.com\/#website","url":"https:\/\/stresatours.com\/","name":"Navigazione Lago Maggiore e Isole Borromeee","description":"Stresa Tours CMA","potentialAction":[{"@type":"SearchAction","target":{"@type":"EntryPoint","urlTemplate":"https:\/\/stresatours.com\/?s={search_term_string}"},"query-input":{"@type":"PropertyValueSpecification","valueRequired":true,"valueName":"search_term_string"}}],"inLanguage":"en-GB"}]}},"_links":{"self":[{"href":"https:\/\/stresatours.com\/en\/wp-json\/wp\/v2\/pages\/17017","targetHints":{"allow":["GET"]}}],"collection":[{"href":"https:\/\/stresatours.com\/en\/wp-json\/wp\/v2\/pages"}],"about":[{"href":"https:\/\/stresatours.com\/en\/wp-json\/wp\/v2\/types\/page"}],"author":[{"embeddable":true,"href":"https:\/\/stresatours.com\/en\/wp-json\/wp\/v2\/users\/1"}],"replies":[{"embeddable":true,"href":"https:\/\/stresatours.com\/en\/wp-json\/wp\/v2\/comments?post=17017"}],"version-history":[{"count":10,"href":"https:\/\/stresatours.com\/en\/wp-json\/wp\/v2\/pages\/17017\/revisions"}],"predecessor-version":[{"id":17024,"href":"https:\/\/stresatours.com\/en\/wp-json\/wp\/v2\/pages\/17017\/revisions\/17024"}],"up":[{"embeddable":true,"href":"https:\/\/stresatours.com\/en\/wp-json\/wp\/v2\/pages\/16762"}],"wp:attachment":[{"href":"https:\/\/stresatours.com\/en\/wp-json\/wp\/v2\/media?parent=17017"}],"curies":[{"name":"wp","href":"https:\/\/api.w.org\/{rel}","templated":true}]}}